{"id":76,"date":"2015-06-23T11:03:20","date_gmt":"2015-06-23T11:03:20","guid":{"rendered":"http:\/\/wp.magnium-themes.com\/piemont\/piemont-5\/?page_id=76"},"modified":"2021-01-12T19:35:10","modified_gmt":"2021-01-12T19:35:10","slug":"about-us-o-nas-blogu-weterynaryjnym","status":"publish","type":"page","link":"https:\/\/weterynaria.info\/index.php\/about-us-o-nas-blogu-weterynaryjnym\/","title":{"rendered":"O mnie"},"content":{"rendered":"<h2>Blog o weterynarii dla technik\u00f3w i lekarzy weterynarii.<\/h2>\n\n\n<p>Brakuje w Polsce darmowego bloga i forum po\u015bwi\u0119conego weterynarii dla profesjonalist\u00f3w, gdzie mo\u017cna profesjonalista jest w stanie dowiedzie\u0107 si\u0119, dokszta\u0142ci\u0107. Zadaniem bloga nie jest zast\u0105pienie profesjonalnych stron jak <a href=\"http:\/\/serwisweterynaryjny.pl\" target=\"_blank\" rel=\"noopener\">serwisweterynaryjny.pl<\/a>, <a href=\"http:\/\/vetkompleksowo.pl\" target=\"_blank\" rel=\"noopener\">vetkompleksowo.pl<\/a>, <a href=\"http:\/\/www.vetopedia.p\" target=\"_blank\" rel=\"noopener\">www.vetopedia.p<\/a>l, lecz uzupe\u0142nienie ich o artyku\u0142y lub wiedz\u0119 os\u00f3b, kt\u00f3re mog\u0105 nie czu\u0107 si\u0119 na si\u0142ach pisa\u0107 przegl\u0105dowe artyku\u0142y. Ka\u017cdy artyku\u0142, staramy si\u0119, by zosta\u0142 zatwierdzony przez specjalist\u0119 w danej dziecinie. Pod ka\u017cdym artyku\u0142em jest mo\u017cliwo\u015b\u0107 komentowania go w spos\u00f3b kulturalny i merytoryczny lub dopytania autora. <\/p>\n\n\n\n<h2 class=\"wp-block-heading\">Jeste\u015b technikiem lub lekarzem weterynarii?<\/h2>\n\n\n\n<p>Uwa\u017casz, \u017ce masz co\u015b do powiedzenia? <br>Chcesz wsp\u00f3\u0142tworzy\u0107 tego bloga. <br>Zg\u0142o\u015b si\u0119 do nas: <a href=\"mailto:red@weterynaria.info\">red@weterynaria.info<\/a><\/p>\n","protected":false},"excerpt":{"rendered":"<p>Blog o weterynarii dla technik\u00f3w i lekarzy weterynarii. Brakuje w Polsce darmowego bloga i forum po\u015bwi\u0119conego weterynarii dla profesjonalist\u00f3w, gdzie mo\u017cna profesjonalista jest w stanie dowiedzie\u0107 si\u0119, dokszta\u0142ci\u0107. Zadaniem bloga nie jest zast\u0105pienie profesjonalnych stron jak serwisweterynaryjny.pl, vetkompleksowo.pl, www.vetopedia.pl, lecz&#8230;<\/p>\n","protected":false},"author":1,"featured_media":0,"parent":0,"menu_order":0,"comment_status":"closed","ping_status":"closed","template":"","meta":{"footnotes":""},"class_list":["post-76","page","type-page","status-publish","hentry"],"_links":{"self":[{"href":"https:\/\/weterynaria.info\/index.php\/wp-json\/wp\/v2\/pages\/76","targetHints":{"allow":["GET"]}}],"collection":[{"href":"https:\/\/weterynaria.info\/index.php\/wp-json\/wp\/v2\/pages"}],"about":[{"href":"https:\/\/weterynaria.info\/index.php\/wp-json\/wp\/v2\/types\/page"}],"author":[{"embeddable":true,"href":"https:\/\/weterynaria.info\/index.php\/wp-json\/wp\/v2\/users\/1"}],"replies":[{"embeddable":true,"href":"https:\/\/weterynaria.info\/index.php\/wp-json\/wp\/v2\/comments?post=76"}],"version-history":[{"count":3,"href":"https:\/\/weterynaria.info\/index.php\/wp-json\/wp\/v2\/pages\/76\/revisions"}],"predecessor-version":[{"id":279,"href":"https:\/\/weterynaria.info\/index.php\/wp-json\/wp\/v2\/pages\/76\/revisions\/279"}],"wp:attachment":[{"href":"https:\/\/weterynaria.info\/index.php\/wp-json\/wp\/v2\/media?parent=76"}],"curies":[{"name":"wp","href":"https:\/\/api.w.org\/{rel}","templated":true}]}}